{"id":51682,"date":"2020-07-15T10:04:44","date_gmt":"2020-07-15T08:04:44","guid":{"rendered":"https:\/\/lowpressurefitness.com\/product\/lpf-online-pt-level-2\/"},"modified":"2026-04-18T09:44:20","modified_gmt":"2026-04-18T07:44:20","slug":"lpf-online-pt-level-2","status":"publish","type":"product","link":"https:\/\/lowpressurefitness.com\/en\/producto\/lpf-online-pt-level-2\/","title":{"rendered":"LPF Online PT-Level 2"},"content":{"rendered":"<p>\u2605Requerimentos para completar o n\u00edvel LPF online:<\/p>\n<p>\u2022Conclus\u00e3o de pelo menos 20 horas de visualiza\u00e7\u00e3o do conte\u00fado (todos os v\u00eddeos devem ser visualizados na \u00edntegra).<br \/>\n\u2022Passar no teste de auto-avalia\u00e7\u00e3o como passe.<\/p>\n<p>Uma vez aprovados os requisitos, o estatuto do n\u00edvel online ser\u00e1 PASS.<\/p>\n","protected":false},"excerpt":{"rendered":"<p>Curso Online N\u00edvel 2. S\u00e9rie Din\u00e2mica.<br \/>\nIDIOMA: Portugu\u00e9s<\/p>\n<p>INCLUI:<br \/>\n\u2022 58 v\u00eddeos_8 Unidades_ 12 Temas<br \/>\n\u2022  Material did\u00e1ctico em formato digital (em portugu\u00e9s).<br \/>\n\u2022 Certificado em formato digital.<br \/>\n\u2022  Acesso ao curso durante 4 meses.<br \/>\n\u2022  Possibilidade de prolongar o acesso por mais 30 dias sem encargos (ver condi\u00e7\u00f5es).<\/p>\n","protected":false},"featured_media":2035,"template":"","meta":[],"_links":{"self":[{"href":"https:\/\/lowpressurefitness.com\/en\/wp-json\/wp\/v2\/product\/51682\/"}],"collection":[{"href":"https:\/\/lowpressurefitness.com\/en\/wp-json\/wp\/v2\/product\/"}],"about":[{"href":"https:\/\/lowpressurefitness.com\/en\/wp-json\/wp\/v2\/types\/product\/"}],"wp:featuredmedia":[{"embeddable":true,"href":"https:\/\/lowpressurefitness.com\/en\/wp-json\/wp\/v2\/media\/2035\/"}],"wp:attachment":[{"href":"https:\/\/lowpressurefitness.com\/en\/wp-json\/wp\/v2\/media\/?parent=51682"}],"curies":[{"name":"wp","href":"https:\/\/api.w.org\/{rel}","templated":true}]}}