{"id":67052,"date":"2021-12-03T13:46:42","date_gmt":"2021-12-03T12:46:42","guid":{"rendered":"https:\/\/lowpressurefitness.com\/producto\/master-class-lpf-con-bloque-de-yoga-grabacion\/"},"modified":"2026-01-23T05:15:28","modified_gmt":"2026-01-23T04:15:28","slug":"master-class-lpf-con-bloque-de-yoga-grabacion","status":"publish","type":"product","link":"https:\/\/lowpressurefitness.com\/en\/producto\/master-class-lpf-con-bloque-de-yoga-grabacion\/","title":{"rendered":"Master Class LPF con Bloque de Yoga-Grabaci\u00f3n"},"content":{"rendered":"<p>C\u00d3MO ACCEDO AL CURSO:<br \/>\nDespu\u00e9s de que validemos tu inscripci\u00f3n, tendr\u00e1s acceso al curso en el Aula Virtual Aulands. Si no tienes un perfil previo recibir\u00e1s por correo electr\u00f3nico una clave de acceso y basta que accedas a tu \u00e1rea personal para empezar a realizar las clases.<\/p>\n","protected":false},"excerpt":{"rendered":"<p>\u2022 Grabaci\u00f3n de la master class impartida en directo el 27 de marzo de 2021 con acceso ilimitado.<br \/>\n\u2022 Duraci\u00f3n: 1 hora y 30 minutos<br \/>\n\u2022 Docente: Coach LPF Paloma Gonz\u00e1lez Cenjor <\/p>\n<p>\u2605   \u00bfQu\u00e9 necesitas para seguir el curso?<br \/>\n\u20222 bloques de yoga.<\/p>\n<p>\u2022 Precio general: 8\u20ac<br \/>\n\u2022 Precio para trainers LPF-CT: 6\u20ac. Cup\u00f3n de descuento: uogcxm9d<\/p>\n","protected":false},"featured_media":2037,"template":"","meta":[],"_links":{"self":[{"href":"https:\/\/lowpressurefitness.com\/en\/wp-json\/wp\/v2\/product\/67052\/"}],"collection":[{"href":"https:\/\/lowpressurefitness.com\/en\/wp-json\/wp\/v2\/product\/"}],"about":[{"href":"https:\/\/lowpressurefitness.com\/en\/wp-json\/wp\/v2\/types\/product\/"}],"wp:featuredmedia":[{"embeddable":true,"href":"https:\/\/lowpressurefitness.com\/en\/wp-json\/wp\/v2\/media\/2037\/"}],"wp:attachment":[{"href":"https:\/\/lowpressurefitness.com\/en\/wp-json\/wp\/v2\/media\/?parent=67052"}],"curies":[{"name":"wp","href":"https:\/\/api.w.org\/{rel}","templated":true}]}}