{"id":87339,"date":"2023-12-29T12:26:55","date_gmt":"2023-12-29T11:26:55","guid":{"rendered":"https:\/\/lowpressurefitness.com\/producto\/lpf-recursos-adicionales-modulo-1\/"},"modified":"2026-01-23T05:15:33","modified_gmt":"2026-01-23T04:15:33","slug":"lpf-recursos-adicionales-modulo-1","status":"publish","type":"product","link":"https:\/\/lowpressurefitness.com\/en\/producto\/lpf-recursos-adicionales-modulo-1\/","title":{"rendered":"LPF Recursos Adicionales M\u00f3dulo 1"},"content":{"rendered":"<p>\u2605 C\u00d3MO ACCEDO  A LOS CONTENIDOS:<br \/>\nDespu\u00e9s de que validemos tu inscripci\u00f3n, tendr\u00e1s acceso al material en el Aula Virtual Aulands. Si no tienes un perfil previo recibir\u00e1s por correo electr\u00f3nico una clave de acceso y basta que accedas a tu \u00e1rea personal para visualizar los contenidos.<\/p>\n","protected":false},"excerpt":{"rendered":"<p>LPF RECURSOS ADICIONALES DEL CURSO LPF M\u00d3DULO 1<br \/>\nMaterial te\u00f3rico en video adicional a los contenidos y material did\u00e1ctico del M\u00f3dulo 1 LPF. <\/p>\n<p>\u2605 Contenido:<br \/>\n      &#8211; 7 videos  con contenido te\u00f3rico<br \/>\n      &#8211; Master Class del m\u00f3dulo 1<br \/>\n      &#8211; Test de valoraci\u00f3n del m\u00f3dulo 1<br \/>\n\u2022 Acceso ilimitado<br \/>\n\u2022 Docente: Piti Pinsach Ametller<br \/>\n\u2022 Dirigido a:<br \/>\n&#8211; alumnos matriculados en el curso de m\u00f3dulo 1 LPF.<br \/>\n&#8211;  trainers LPF de nivel 1 (o superior).<\/p>\n","protected":false},"featured_media":2037,"template":"","meta":[],"_links":{"self":[{"href":"https:\/\/lowpressurefitness.com\/en\/wp-json\/wp\/v2\/product\/87339\/"}],"collection":[{"href":"https:\/\/lowpressurefitness.com\/en\/wp-json\/wp\/v2\/product\/"}],"about":[{"href":"https:\/\/lowpressurefitness.com\/en\/wp-json\/wp\/v2\/types\/product\/"}],"wp:featuredmedia":[{"embeddable":true,"href":"https:\/\/lowpressurefitness.com\/en\/wp-json\/wp\/v2\/media\/2037\/"}],"wp:attachment":[{"href":"https:\/\/lowpressurefitness.com\/en\/wp-json\/wp\/v2\/media\/?parent=87339"}],"curies":[{"name":"wp","href":"https:\/\/api.w.org\/{rel}","templated":true}]}}