{"id":41287,"date":"2019-11-06T16:02:27","date_gmt":"2019-11-06T15:02:27","guid":{"rendered":"https:\/\/lowpressurefitness.com\/product\/formacion-intensiva\/"},"modified":"2026-05-12T06:18:10","modified_gmt":"2026-05-12T04:18:10","slug":"formacion-intensiva","status":"publish","type":"product","link":"https:\/\/lowpressurefitness.com\/es\/producto\/formacion-intensiva\/","title":{"rendered":"Formaci\u00f3n Intensiva + CT"},"content":{"rendered":"<p>L\u00edmite de plazas por repetici\u00f3n de nivel: 4.<\/p>\n","protected":false},"excerpt":{"rendered":"<p>Vive una experiencia LPF: aprende a ense\u00f1ar Low Pressure Fitness en 6 d\u00edas.<\/p>\n<p>Precio: 1.500 \u20ac<br \/>\nPrecio Anticipado:<br \/>\n750  \u20ac (hasta el 30 de junio)<br \/>\nIntroduce el cup\u00f3n: MAYO y dale a validar  en el \u2713<\/p>\n<p>Formaci\u00f3n Intensiva LPF M\u00f3dulos 1+2+3 + Certificaci\u00f3n:<br \/>\n\u2022M\u00f3dulo 1. Serie Est\u00e1tica. 12 horas<br \/>\n\u2022M\u00f3dulo 2. Serie Din\u00e1mica. 12 horas<br \/>\n\u2022M\u00f3dulo 3. Serie Neurodin\u00e1mica. 12 horas<br \/>\n\u2022Certificaci\u00f3n: solicita tu cup\u00f3n para tu matr\u00edcula en el examen de certificaci\u00f3n una vez completes los 3 m\u00f3dulos, en administracion@lowpressurefitness.com.<br \/>\n\u2505\u2505\u2505\u2505\u2505\u2505\u2505\u2505\u2505\u2505\u2505\u2505\u2505\u2505\u2505\u2505\u2505\u2505\u2505\u2505\u2505\u2505\u2505\u2505\u2505\u2505\u2505\u2505\u2505\u2505\u2505\u2505<\/p>\n","protected":false},"featured_media":2025,"template":"","meta":[],"_links":{"self":[{"href":"https:\/\/lowpressurefitness.com\/es\/wp-json\/wp\/v2\/product\/41287\/"}],"collection":[{"href":"https:\/\/lowpressurefitness.com\/es\/wp-json\/wp\/v2\/product\/"}],"about":[{"href":"https:\/\/lowpressurefitness.com\/es\/wp-json\/wp\/v2\/types\/product\/"}],"wp:featuredmedia":[{"embeddable":true,"href":"https:\/\/lowpressurefitness.com\/es\/wp-json\/wp\/v2\/media\/2025\/"}],"wp:attachment":[{"href":"https:\/\/lowpressurefitness.com\/es\/wp-json\/wp\/v2\/media\/?parent=41287"}],"curies":[{"name":"wp","href":"https:\/\/api.w.org\/{rel}","templated":true}]}}