{"id":45497,"date":"2020-01-20T10:29:04","date_gmt":"2020-01-20T09:29:04","guid":{"rendered":"https:\/\/lowpressurefitness.com\/product\/lpf-online-level-1\/"},"modified":"2026-01-23T05:15:05","modified_gmt":"2026-01-23T04:15:05","slug":"lpf-online-level-1","status":"publish","type":"product","link":"https:\/\/lowpressurefitness.com\/es\/producto\/lpf-online-level-1\/","title":{"rendered":"LPF Online &#8211; Level 1"},"content":{"rendered":"<p>\u2605Requisitos para completar el nivel online LPF:<\/p>\n<p>\u2022Completar al menos 20 horas de visualizaci\u00f3n de contenido (todos los videos deben constar visualizados por completo)<br \/>\n\u2022Superar el examen de autoevaluaci\u00f3n como Apto<br \/>\n\u2022Completar las preguntas indicadas como \u00abPon a prueba tus conocimientos\u00bb al final de cada unidad. No punt\u00faan pero debes responder para completar el nivel<\/p>\n<p>Una vez superados los requisitos, el estado del Nivel online ser\u00e1 APTO.<\/p>\n<p>C\u00d3MO ACCEDO AL CURSO:<br \/>\nDespu\u00e9s de que validemos tu inscripci\u00f3n, tendr\u00e1s acceso al curso en el Aula Virtual Aulands. Si no tienes un perfil previo recibir\u00e1s por correo electr\u00f3nico una clave de acceso y basta que accedas a tu \u00e1rea personal para empezar a realizar las clases.<\/p>\n","protected":false},"excerpt":{"rendered":"<p>Curso Online Nivel 1.  Serie Est\u00e1tica<br \/>\nIDIOMA: Espa\u00f1ol<\/p>\n<p>QU\u00c9 INCLUYE:<br \/>\n\u2022 58 v\u00eddeos_8 Unidades_ 12 Temas.<br \/>\n\u2022 Material did\u00e1ctico en formato digital (en espa\u00f1ol).<br \/>\n\u2022 Certificado en formato digital.<br \/>\n\u2022 Acceso al curso durante 4 meses.<br \/>\n\u2022 Posibilidad de ampliaci\u00f3n de 30 d\u00edas extra de acceso sin coste (ver condiciones)<\/p>\n","protected":false},"featured_media":2037,"template":"","meta":[],"_links":{"self":[{"href":"https:\/\/lowpressurefitness.com\/es\/wp-json\/wp\/v2\/product\/45497\/"}],"collection":[{"href":"https:\/\/lowpressurefitness.com\/es\/wp-json\/wp\/v2\/product\/"}],"about":[{"href":"https:\/\/lowpressurefitness.com\/es\/wp-json\/wp\/v2\/types\/product\/"}],"wp:featuredmedia":[{"embeddable":true,"href":"https:\/\/lowpressurefitness.com\/es\/wp-json\/wp\/v2\/media\/2037\/"}],"wp:attachment":[{"href":"https:\/\/lowpressurefitness.com\/es\/wp-json\/wp\/v2\/media\/?parent=45497"}],"curies":[{"name":"wp","href":"https:\/\/api.w.org\/{rel}","templated":true}]}}