{"id":45507,"date":"2020-01-20T10:29:32","date_gmt":"2020-01-20T09:29:32","guid":{"rendered":"https:\/\/lowpressurefitness.com\/product\/combo-3-online-certified\/"},"modified":"2026-04-18T09:44:36","modified_gmt":"2026-04-18T07:44:36","slug":"formacion-online-certified","status":"publish","type":"product","link":"https:\/\/lowpressurefitness.com\/es\/producto\/formacion-online-certified\/","title":{"rendered":"Formaci\u00f3n Online + Certified"},"content":{"rendered":"<p>Formaci\u00f3n LPF M\u00f3dulos 1+2+3  online + Certificaci\u00f3n. IDIOMA: Espa\u00f1ol :<br \/>\n\u2022Nivel 1. Serie Est\u00e1tica. 20 horas<br \/>\n\u2022Nivel 2. Serie Din\u00e1mica. 20 horas<br \/>\n\u2022Nivel 3. Serie Neurodin\u00e1mica. 20 horas<br \/>\n\u2022Certificaci\u00f3n: una vez completes el Nivel 3 recibir\u00e1s por correo electr\u00f3nico la informaci\u00f3n y el enlace para Certificarte. Tendr\u00e1s un plazo de 30 d\u00edas para realizarlo y 2 oportunidades.<\/p>\n<p>QU\u00c9 INCLUYE:<br \/>\n\u2022 Material did\u00e1ctico en formato digital (en espa\u00f1ol).<br \/>\n\u2022 Certificado en formato digital.<br \/>\n\u2022 Acceso durante 4 meses\/nivel.<br \/>\n\u2022 Posibilidad de ampliaci\u00f3n de 30 d\u00edas extra de acceso a cada nivel sin coste (ver condiciones)<\/p>\n<p>REQUISITOS PARA COMPLETAR CADA NIVEL ONLINE LPF:<br \/>\n\u2022Completar al menos 20 horas de visualizaci\u00f3n de contenido (todos los videos deben constar visualizados por completo)<br \/>\n\u2022Superar el examen de autoevaluaci\u00f3n como Apto<br \/>\n\u2022Completar las preguntas indicadas como \u00abPon a prueba tus conocimientos\u00bb al final de cada unidad. No punt\u00faan pero debes responder para completar el nivel<br \/>\n\u2022Una vez superado un nivel, se activar\u00e1 autom\u00e1ticamente el siguiente nivel.<\/p>\n<p>C\u00d3MO ACCEDO AL CURSO:<br \/>\nDespu\u00e9s de que validemos tu inscripci\u00f3n, tendr\u00e1s acceso al Nivel 1 en el Aula Virtual Aulands. Si no tienes un perfil previo recibir\u00e1s por correo electr\u00f3nico una clave de acceso y basta que accedas a tu \u00e1rea personal para empezar a realizar las clases.<\/p>\n","protected":false},"excerpt":{"rendered":"<p>Formaci\u00f3n LPF M\u00f3dulos 1+2+3  online + Certificaci\u00f3n. IDIOMA: Espa\u00f1ol :<br \/>\n\u2022Nivel 1. Serie Est\u00e1tica. 20 horas<br \/>\n\u2022Nivel 2. Serie Din\u00e1mica. 20 horas<br \/>\n\u2022Nivel 3. Serie Neurodin\u00e1mica. 20 horas<br \/>\n\u2022Certificaci\u00f3n: una vez completes el Nivel 3 recibir\u00e1s por correo electr\u00f3nico la informaci\u00f3n y el enlace para Certificarte. Tendr\u00e1s un plazo de 30 d\u00edas para realizarlo y 2 oportunidades.<\/p>\n<p>QU\u00c9 INCLUYE:<br \/>\n\u2022 Material did\u00e1ctico en formato digital (en espa\u00f1ol).<br \/>\n\u2022 Certificado en formato digital.<br \/>\n\u2022 Acceso durante 4 meses\/nivel.<br \/>\n\u2022 Posibilidad de ampliaci\u00f3n de 30 d\u00edas extra de acceso a cada nivel sin coste (ver condiciones)<\/p>\n<p>REQUISITOS PARA COMPLETAR CADA NIVEL ONLINE LPF:<br \/>\n\u2022Completar al menos 20 horas de visualizaci\u00f3n de contenido (todos los videos deben constar visualizados por completo)<br \/>\n\u2022Superar el examen de autoevaluaci\u00f3n como Apto<br \/>\n\u2022Completar las preguntas indicadas como \u00abPon a prueba tus conocimientos\u00bb al final de cada unidad. No punt\u00faan pero debes responder para completar el nivel<br \/>\n\u2022Una vez superado un nivel, se activar\u00e1 autom\u00e1ticamente el siguiente nivel.<\/p>\n<p>C\u00d3MO ACCEDO AL CURSO:<br \/>\nDespu\u00e9s de que validemos tu inscripci\u00f3n, tendr\u00e1s acceso al Nivel 1 en el Aula Virtual Aulands. Si no tienes un perfil previo recibir\u00e1s por correo electr\u00f3nico una clave de acceso y basta que accedas a tu \u00e1rea personal para empezar a realizar las clases.<\/p>\n","protected":false},"featured_media":2043,"template":"","meta":[],"_links":{"self":[{"href":"https:\/\/lowpressurefitness.com\/es\/wp-json\/wp\/v2\/product\/45507\/"}],"collection":[{"href":"https:\/\/lowpressurefitness.com\/es\/wp-json\/wp\/v2\/product\/"}],"about":[{"href":"https:\/\/lowpressurefitness.com\/es\/wp-json\/wp\/v2\/types\/product\/"}],"wp:featuredmedia":[{"embeddable":true,"href":"https:\/\/lowpressurefitness.com\/es\/wp-json\/wp\/v2\/media\/2043\/"}],"wp:attachment":[{"href":"https:\/\/lowpressurefitness.com\/es\/wp-json\/wp\/v2\/media\/?parent=45507"}],"curies":[{"name":"wp","href":"https:\/\/api.w.org\/{rel}","templated":true}]}}