{"id":50740,"date":"2020-06-05T07:00:20","date_gmt":"2020-06-05T05:00:20","guid":{"rendered":"https:\/\/localhost\/product\/winner-flow\/"},"modified":"2026-01-23T05:12:46","modified_gmt":"2026-01-23T04:12:46","slug":"winner-flow","status":"publish","type":"product","link":"https:\/\/lowpressurefitness.com\/es\/producto\/winner-flow\/","title":{"rendered":"Winner Flow"},"content":{"rendered":"<p>Incentivador respiratorio que potencia la acci\u00f3n muscular de la musculatura espiratoria y que funciona como una v\u00e1lvula reguladora de la salida de aire para asegurar un flujo espiratorio homog\u00e9neo y forzado.<\/p>\n","protected":false},"excerpt":{"rendered":"<p>Incentivador respiratorio que potencia la acci\u00f3n muscular de la musculatura espiratoria y que funciona como una v\u00e1lvula reguladora de la salida de aire para asegurar un flujo espiratorio homog\u00e9neo y forzado.<\/p>\n","protected":false},"featured_media":58669,"template":"","meta":[],"_links":{"self":[{"href":"https:\/\/lowpressurefitness.com\/es\/wp-json\/wp\/v2\/product\/50740\/"}],"collection":[{"href":"https:\/\/lowpressurefitness.com\/es\/wp-json\/wp\/v2\/product\/"}],"about":[{"href":"https:\/\/lowpressurefitness.com\/es\/wp-json\/wp\/v2\/types\/product\/"}],"wp:featuredmedia":[{"embeddable":true,"href":"https:\/\/lowpressurefitness.com\/es\/wp-json\/wp\/v2\/media\/58669\/"}],"wp:attachment":[{"href":"https:\/\/lowpressurefitness.com\/es\/wp-json\/wp\/v2\/media\/?parent=50740"}],"curies":[{"name":"wp","href":"https:\/\/api.w.org\/{rel}","templated":true}]}}