{"id":51684,"date":"2020-07-15T10:04:49","date_gmt":"2020-07-15T08:04:49","guid":{"rendered":"https:\/\/lowpressurefitness.com\/product\/formacion-online-2\/"},"modified":"2026-04-22T16:41:20","modified_gmt":"2026-04-22T14:41:20","slug":"formacion-online-2","status":"publish","type":"product","link":"https:\/\/lowpressurefitness.com\/es\/producto\/formacion-online-2\/","title":{"rendered":"Formaci\u00f3n Online"},"content":{"rendered":"<p>M\u00f3dulos Online de Forma\u00e7\u00e3o LPF 1+2+3. L\u00cdNGUA:Portugu\u00eas:<br \/>\n\u2022N\u00edvel 1. s\u00e9rie est\u00e1tica. 20 horas<br \/>\n\u2022N\u00edvel 2: S\u00e9rie Din\u00e2mica. 20 horas -N\u00edvel 3.<br \/>\n\u2022N\u00edvel 3. S\u00e9rie Neurodin\u00e2mica. S\u00e9rie Neurodin\u00e2mia.<\/p>\n<p>O QUE EST\u00c1 INCLU\u00cdDO:<br \/>\n\u2022 Material did\u00e1ctico em formato digital (em Portugu\u00eas).<br \/>\n\u2022 Certificado em formato digital.<br \/>\n\u2022 Acesso por 4 meses\/n\u00edvel. <\/p>\n<p>REQUISITOS PARA COMPLETAR CADA N\u00cdVEL DO LPF EM LINHA:<br \/>\n\u2022Completar pelo menos 20 horas de visualiza\u00e7\u00e3o do conte\u00fado (todos os v\u00eddeos devem ser visualizados na \u00edntegra).<br \/>\nPassar o exame de auto-avalia\u00e7\u00e3o como APTO.<br \/>\n\u2022Ap\u00f3s ter passado um n\u00edvel, o n\u00edvel seguinte ser\u00e1 automaticamente activado.<\/p>\n<p>COMO POSSO ACEDER AO CURSO?<br \/>\nDepois de validarmos a sua inscri\u00e7\u00e3o, ter\u00e1 acesso ao N\u00edvel 1 na Aulands Virtual Classroom. Se n\u00e3o tiver um perfil anterior, receber\u00e1 uma palavra-passe por e-mail e s\u00f3 precisa de aceder \u00e0 sua \u00e1rea pessoal para iniciar as aulas.<\/p>\n","protected":false},"excerpt":{"rendered":"<p>M\u00f3dulos Online de Forma\u00e7\u00e3o LPF 1+2+3. L\u00cdNGUA:Portugu\u00eas:<br \/>\n\u2022N\u00edvel 1. s\u00e9rie est\u00e1tica. 20 horas<br \/>\n\u2022N\u00edvel 2: S\u00e9rie Din\u00e2mica. 20 horas -N\u00edvel 3.<br \/>\n\u2022N\u00edvel 3. S\u00e9rie Neurodin\u00e2mica. S\u00e9rie Neurodin\u00e2mia.<\/p>\n<p>O QUE EST\u00c1 INCLU\u00cdDO:<br \/>\n\u2022 Material did\u00e1ctico em formato digital (em Portugu\u00eas).<br \/>\n\u2022 Certificado em formato digital.<br \/>\n\u2022 Acesso por 4 meses\/n\u00edvel. <\/p>\n<p>REQUISITOS PARA COMPLETAR CADA N\u00cdVEL DO LPF EM LINHA:<br \/>\n\u2022Completar pelo menos 20 horas de visualiza\u00e7\u00e3o do conte\u00fado (todos os v\u00eddeos devem ser visualizados na \u00edntegra).<br \/>\nPassar o exame de auto-avalia\u00e7\u00e3o como APTO.<br \/>\n\u2022Ap\u00f3s ter passado um n\u00edvel, o n\u00edvel seguinte ser\u00e1 automaticamente activado.<\/p>\n<p>COMO POSSO ACEDER AO CURSO?<br \/>\nDepois de validarmos a sua inscri\u00e7\u00e3o, ter\u00e1 acesso ao N\u00edvel 1 na Aulands Virtual Classroom. Se n\u00e3o tiver um perfil anterior, receber\u00e1 uma palavra-passe por e-mail e s\u00f3 precisa de aceder \u00e0 sua \u00e1rea pessoal para iniciar as aulas.<\/p>\n","protected":false},"featured_media":2043,"template":"","meta":[],"_links":{"self":[{"href":"https:\/\/lowpressurefitness.com\/es\/wp-json\/wp\/v2\/product\/51684\/"}],"collection":[{"href":"https:\/\/lowpressurefitness.com\/es\/wp-json\/wp\/v2\/product\/"}],"about":[{"href":"https:\/\/lowpressurefitness.com\/es\/wp-json\/wp\/v2\/types\/product\/"}],"wp:featuredmedia":[{"embeddable":true,"href":"https:\/\/lowpressurefitness.com\/es\/wp-json\/wp\/v2\/media\/2043\/"}],"wp:attachment":[{"href":"https:\/\/lowpressurefitness.com\/es\/wp-json\/wp\/v2\/media\/?parent=51684"}],"curies":[{"name":"wp","href":"https:\/\/api.w.org\/{rel}","templated":true}]}}