{"id":67053,"date":"2021-12-03T13:46:50","date_gmt":"2021-12-03T12:46:50","guid":{"rendered":"https:\/\/lowpressurefitness.com\/producto\/taller-de-liberacion-miofascial-con-materiales-grabacion\/"},"modified":"2026-01-23T05:15:30","modified_gmt":"2026-01-23T04:15:30","slug":"taller-de-liberacion-miofascial-con-materiales-grabacion","status":"publish","type":"product","link":"https:\/\/lowpressurefitness.com\/es\/producto\/taller-de-liberacion-miofascial-con-materiales-grabacion\/","title":{"rendered":"Taller de Liberaci\u00f3n Miofascial con Materiales-Grabaci\u00f3n"},"content":{"rendered":"<p>C\u00d3MO ACCEDO AL CURSO:<br \/>\nDespu\u00e9s de que validemos tu inscripci\u00f3n, tendr\u00e1s acceso al curso en el Aula Virtual Aulands. Si no tienes un perfil previo recibir\u00e1s por correo electr\u00f3nico una clave de acceso y basta que accedas a tu \u00e1rea personal para empezar a realizar las clases.<\/p>\n","protected":false},"excerpt":{"rendered":"<p>\u2022 Grabaci\u00f3n del taller impartido en directo el 13 de noviembre de 2021 con acceso ilimitado.<br \/>\n\u2022 Duraci\u00f3n: 5 horas<br \/>\n\u2022 Docente: Dra. Tamara Rial y coach LPF Iv\u00e1n Andr\u00e9s Marco<br \/>\n\u2022 Incluye material did\u00e1ctico en pdf para seguir las explicaciones.<br \/>\n\u2022 Dirigido a trainers LPF de nivel 1 (o superior).<\/p>\n<p>\u2605 Objetivo: aprender y aplicar en todas las regiones anat\u00f3micas la liberaci\u00f3n miofascial con diferentes materiales de LPF: Wood-roller y pelotas peque\u00f1as. <\/p>\n<p>\u2022 \u00bfQu\u00e9 necesitas para seguir el curso?<br \/>\n&#8211; Wood-roller<br \/>\n&#8211; Pelotitas peque\u00f1as<br \/>\n&#8211; Colchoneta<br \/>\n&#8211; Toalla enrollada o bloque.<\/p>\n<p>\u2022 Precio general: 25 \u20ac<br \/>\n\u2022 Precio para trainers LPF-CT: 15\u20ac. Cup\u00f3n de descuento: f5q6i6e3<\/p>\n","protected":false},"featured_media":2037,"template":"","meta":[],"_links":{"self":[{"href":"https:\/\/lowpressurefitness.com\/es\/wp-json\/wp\/v2\/product\/67053\/"}],"collection":[{"href":"https:\/\/lowpressurefitness.com\/es\/wp-json\/wp\/v2\/product\/"}],"about":[{"href":"https:\/\/lowpressurefitness.com\/es\/wp-json\/wp\/v2\/types\/product\/"}],"wp:featuredmedia":[{"embeddable":true,"href":"https:\/\/lowpressurefitness.com\/es\/wp-json\/wp\/v2\/media\/2037\/"}],"wp:attachment":[{"href":"https:\/\/lowpressurefitness.com\/es\/wp-json\/wp\/v2\/media\/?parent=67053"}],"curies":[{"name":"wp","href":"https:\/\/api.w.org\/{rel}","templated":true}]}}