{"id":67054,"date":"2021-12-03T13:46:52","date_gmt":"2021-12-03T12:46:52","guid":{"rendered":"https:\/\/lowpressurefitness.com\/producto\/workshop-lpf-winner-flow-grabacion\/"},"modified":"2026-01-23T05:15:31","modified_gmt":"2026-01-23T04:15:31","slug":"workshop-lpf-winner-flow-grabacion","status":"publish","type":"product","link":"https:\/\/lowpressurefitness.com\/es\/producto\/workshop-lpf-winner-flow-grabacion\/","title":{"rendered":"Workshop LPF Winner FLow-Grabaci\u00f3n"},"content":{"rendered":"<p>C\u00d3MO ACCEDO AL CURSO:<br \/>\nDespu\u00e9s de que validemos tu inscripci\u00f3n, tendr\u00e1s acceso al curso en el Aula Virtual Aulands. Si no tienes un perfil previo recibir\u00e1s por correo electr\u00f3nico una clave de acceso y basta que accedas a tu \u00e1rea personal para empezar a realizar las clases.<\/p>\n","protected":false},"excerpt":{"rendered":"<p>\u2022 Grabaci\u00f3n del workshop impartido en directo el 8 de mayo de 2021 con acceso ilimitado<br \/>\n\u2022 Duraci\u00f3n: 2 horas<br \/>\n\u2022 Docente: Dra. Tamara Rial<br \/>\n\u2022 Recibir\u00e1s el material did\u00e1ctico en pdf para seguir las explicaciones.<\/p>\n<p>\u2605   \u00bfQu\u00e9 necesitas para seguir el curso?<br \/>\n\u20221 Winner Flow.<br \/>\n\u2022Esterilla para hacer los ejercicios (opcional)<\/p>\n<p>\u2022 Precio general: 25 \u20ac<br \/>\n\u2022 Precio para trainers LPF-CT: 15\u20ac. Cup\u00f3n de descuento: f5q6i6e3<\/p>\n","protected":false},"featured_media":2037,"template":"","meta":[],"_links":{"self":[{"href":"https:\/\/lowpressurefitness.com\/es\/wp-json\/wp\/v2\/product\/67054\/"}],"collection":[{"href":"https:\/\/lowpressurefitness.com\/es\/wp-json\/wp\/v2\/product\/"}],"about":[{"href":"https:\/\/lowpressurefitness.com\/es\/wp-json\/wp\/v2\/types\/product\/"}],"wp:featuredmedia":[{"embeddable":true,"href":"https:\/\/lowpressurefitness.com\/es\/wp-json\/wp\/v2\/media\/2037\/"}],"wp:attachment":[{"href":"https:\/\/lowpressurefitness.com\/es\/wp-json\/wp\/v2\/media\/?parent=67054"}],"curies":[{"name":"wp","href":"https:\/\/api.w.org\/{rel}","templated":true}]}}