{"id":74004,"date":"2022-05-30T11:09:07","date_gmt":"2022-05-30T09:09:07","guid":{"rendered":"https:\/\/www.lowpressurefitness.com\/producto\/lpf-maestrias-lpf-y-biomecanica-grabacion\/"},"modified":"2026-01-23T05:15:32","modified_gmt":"2026-01-23T04:15:32","slug":"lpf-maestrias-lpf-y-biomecanica-grabacion","status":"publish","type":"product","link":"https:\/\/lowpressurefitness.com\/es\/producto\/lpf-maestrias-lpf-y-biomecanica-grabacion\/","title":{"rendered":"Maestr\u00edas LPF: \u201cLPF y BIOMEC\u00c1NICA\u201d. Grabaci\u00f3n"},"content":{"rendered":"","protected":false},"excerpt":{"rendered":"<p>\u2022 Grabaci\u00f3n de LPF Maestr\u00edas impartidas  en noviembre de 2021 en streaming directo a trav\u00e9s de Zoom.<br \/>\n\u2022 Acceso ilimitado.<br \/>\n\u2022 Duraci\u00f3n total: 6 horas repartidas en 4 sesiones de 90 minutos .<br \/>\n\u2022 Docente: coach LPF Hugo Loureiro<br \/>\n\u2022 Dirigido a trainers LPF de nivel 1 (o superior).<\/p>\n<p>\u2605 Objetivos:<br \/>\n&#8211; Correlacionar principios de la biomec\u00e1nica con los fundamentos t\u00e9cnicos de LPF.<br \/>\n&#8211; Identificar fuerzas, ejes y palancas, en los ejercicios de LPF.<br \/>\n&#8211; Comprender, en la pr\u00e1ctica y aprovechar, en la pr\u00e1ctica, las ventajas e desventajas mec\u00e1nicas, en los ejercicios de LPF.<br \/>\n&#8211; Clarificar las acciones musculares y sus ben\u00e9ficos fisiol\u00f3gicos, durante la aplicaci\u00f3n de los principios de la biomec\u00e1nica, en los ejercicios de LPF. <\/p>\n<p>\u2022 Precio general: 40 \u20ac<\/p>\n","protected":false},"featured_media":2037,"template":"","meta":[],"_links":{"self":[{"href":"https:\/\/lowpressurefitness.com\/es\/wp-json\/wp\/v2\/product\/74004\/"}],"collection":[{"href":"https:\/\/lowpressurefitness.com\/es\/wp-json\/wp\/v2\/product\/"}],"about":[{"href":"https:\/\/lowpressurefitness.com\/es\/wp-json\/wp\/v2\/types\/product\/"}],"wp:featuredmedia":[{"embeddable":true,"href":"https:\/\/lowpressurefitness.com\/es\/wp-json\/wp\/v2\/media\/2037\/"}],"wp:attachment":[{"href":"https:\/\/lowpressurefitness.com\/es\/wp-json\/wp\/v2\/media\/?parent=74004"}],"curies":[{"name":"wp","href":"https:\/\/api.w.org\/{rel}","templated":true}]}}